{"id":16816,"date":"2023-12-05T14:43:02","date_gmt":"2023-12-05T14:43:02","guid":{"rendered":"http:\/\/46.4.121.70\/~barnetst\/nyside\/?page_id=16816"},"modified":"2023-12-07T17:59:48","modified_gmt":"2023-12-07T17:59:48","slug":"bogudgivelse","status":"publish","type":"page","link":"https:\/\/barnetstarv.com\/index.php\/bogudgivelse\/","title":{"rendered":"Bogudgivelse"},"content":{"rendered":"\t\t<div data-elementor-type=\"wp-page\" data-elementor-id=\"16816\" class=\"elementor elementor-16816\">\n\t\t\t\t\t\t<section class=\"elementor-section elementor-top-section elementor-element elementor-element-ed3fbe6 elementor-section-boxed elementor-section-height-default elementor-section-height-default\" data-id=\"ed3fbe6\" data-element_type=\"section\">\n\t\t\t\t\t\t<div class=\"elementor-container elementor-column-gap-default\">\n\t\t\t\t\t<div class=\"elementor-column elementor-col-100 elementor-top-column elementor-element elementor-element-a1ab80d\" data-id=\"a1ab80d\" data-element_type=\"column\">\n\t\t\t<div class=\"elementor-widget-wrap elementor-element-populated\">\n\t\t\t\t\t\t<div class=\"elementor-element elementor-element-ea67df4 elementor-widget elementor-widget-heading\" data-id=\"ea67df4\" data-element_type=\"widget\" data-widget_type=\"heading.default\">\n\t\t\t\t<div class=\"elementor-widget-container\">\n\t\t\t\t\t<h3 class=\"elementor-heading-title elementor-size-default\">Bogudgivelse<\/h3>\t\t\t\t<\/div>\n\t\t\t\t<\/div>\n\t\t\t\t<div class=\"elementor-element elementor-element-e6f4c9e elementor-widget elementor-widget-text-editor\" data-id=\"e6f4c9e\" data-element_type=\"widget\" data-widget_type=\"text-editor.default\">\n\t\t\t\t<div class=\"elementor-widget-container\">\n\t\t\t\t\t\t\t\t\t<p>Michael Hjelvang arbejder lige nu p\u00e5 en bog om sine egne oplevelser som skilsmissefor\u00e6lder. Der er tale om en autofiktiv roman med titlen Frikendt. Det er Michaels f\u00f8rste bog og er fort\u00e6llingen om en for\u00e6lders kamp for \u2013 og insisteren p\u00e5 \u2013 at v\u00e6re en del af sit barns liv. Et liv som han langsomt blev forment adgang til. Bogen har v\u00e6ret undervejs siden 2016 og flere har spurgt, hvorfor det tager s\u00e5 lang tid, og hvorn\u00e5r Michael forventer, at bogen udkommer. Svaret er, at det er vanvittigt komplekst at skrive en bog om en konfliktfyldt skilsmisse, og Michael oplyser i september 2021 f\u00f8lgende om bogen:<\/p><p>\u201dDer er i processen mange hensyn at tage \u2013 s\u00e6rligt hensynet til min s\u00f8n. Det er vigtigt for mig, at min s\u00f8n ikke f\u00f8ler sig udstillet og at han ikke f\u00f8ler, at dem han har k\u00e6r, bliver udstillet. Videre er det vigtigt for mig, sandf\u00e6rdigt at kunne berette om mine oplevelser og endelig er det vigtigt, at mine beretninger ikke er skrevet i affekt, og at den bog, jeg for snart fem \u00e5r siden startede p\u00e5, f\u00e5r den rette m\u00e6ngde af tid til at lagre. Jeg er glad for, at jeg ikke med det samme udgav min bog, for der er mange ting, jeg i processen har \u00e6ndret. Emner som i dag synes irrelevante, emner hvor jeg klart har v\u00e6ret i mine f\u00f8lelsers vold og emner, som har udstillet min s\u00f8n. Alt sammen er det noget, der nu p\u00e5g\u00e5r en redigeringsproces, og er der noget, der i forbindelse med bogens tilblivelse er g\u00e5et op for mig, s\u00e5 er det, at den vigtigste ingrediens er tid.\u201d<\/p><p>Mange har allerede forudbestilt bogen og bestillingerne er noteret. Der \u00e5bnes op for nye bestillinger, n\u00e5r vi har noget mere konkret om en udgivelsesdato.<\/p>\t\t\t\t\t\t\t\t<\/div>\n\t\t\t\t<\/div>\n\t\t\t\t<div class=\"elementor-element elementor-element-16ac4f0 elementor-widget elementor-widget-image\" data-id=\"16ac4f0\" data-element_type=\"widget\" data-widget_type=\"image.default\">\n\t\t\t\t<div class=\"elementor-widget-container\">\n\t\t\t\t\t\t\t\t\t\t\t\t\t\t\t<img fetchpriority=\"high\" decoding=\"async\" width=\"300\" height=\"200\" src=\"https:\/\/barnetstarv.com\/wp-content\/uploads\/2023\/12\/ting-du-boer-vide-skilsmissesystem-300x200-1.jpg\" class=\"attachment-large size-large wp-image-16988\" alt=\"\" \/>\t\t\t\t\t\t\t\t\t\t\t\t\t\t\t<\/div>\n\t\t\t\t<\/div>\n\t\t\t\t\t<\/div>\n\t\t<\/div>\n\t\t\t\t\t<\/div>\n\t\t<\/section>\n\t\t\t\t<\/div>\n\t\t","protected":false},"excerpt":{"rendered":"<p>Bogudgivelse Michael Hjelvang arbejder lige nu p\u00e5 en bog om sine egne oplevelser som skilsmissefor\u00e6lder. Der er tale om en autofiktiv roman med titlen Frikendt. Det er Michaels f\u00f8rste bog og er fort\u00e6llingen om en for\u00e6lders kamp for \u2013 og insisteren p\u00e5 \u2013 at v\u00e6re en del af sit barns liv. Et liv som han [&hellip;]<\/p>\n","protected":false},"author":1,"featured_media":0,"parent":0,"menu_order":0,"comment_status":"closed","ping_status":"closed","template":"","meta":{"footnotes":""},"class_list":["post-16816","page","type-page","status-publish","hentry"],"yoast_head":"<!-- This site is optimized with the Yoast SEO plugin v24.6 - https:\/\/yoast.com\/wordpress\/plugins\/seo\/ -->\n<title>Bogudgivelse - Barnets Tarv<\/title>\n<meta name=\"robots\" content=\"index, follow, max-snippet:-1, max-image-preview:large, max-video-preview:-1\" \/>\n<link rel=\"canonical\" href=\"https:\/\/barnetstarv.com\/index.php\/bogudgivelse\/\" \/>\n<meta property=\"og:locale\" content=\"da_DK\" \/>\n<meta property=\"og:type\" content=\"article\" \/>\n<meta property=\"og:title\" content=\"Bogudgivelse - Barnets Tarv\" \/>\n<meta property=\"og:description\" content=\"Bogudgivelse Michael Hjelvang arbejder lige nu p\u00e5 en bog om sine egne oplevelser som skilsmissefor\u00e6lder. Der er tale om en autofiktiv roman med titlen Frikendt. Det er Michaels f\u00f8rste bog og er fort\u00e6llingen om en for\u00e6lders kamp for \u2013 og insisteren p\u00e5 \u2013 at v\u00e6re en del af sit barns liv. Et liv som han [&hellip;]\" \/>\n<meta property=\"og:url\" content=\"https:\/\/barnetstarv.com\/index.php\/bogudgivelse\/\" \/>\n<meta property=\"og:site_name\" content=\"Barnets Tarv\" \/>\n<meta property=\"article:publisher\" content=\"https:\/\/www.facebook.com\/barnetstarv\/\" \/>\n<meta property=\"article:modified_time\" content=\"2023-12-07T17:59:48+00:00\" \/>\n<meta property=\"og:image\" content=\"https:\/\/barnetstarv.com\/wp-content\/uploads\/2023\/12\/ting-du-boer-vide-skilsmissesystem-300x200-1.jpg\" \/>\n<meta name=\"twitter:card\" content=\"summary_large_image\" \/>\n<meta name=\"twitter:label1\" content=\"Estimeret l\u00e6setid\" \/>\n\t<meta name=\"twitter:data1\" content=\"2 minutter\" \/>\n<script type=\"application\/ld+json\" class=\"yoast-schema-graph\">{\"@context\":\"https:\/\/schema.org\",\"@graph\":[{\"@type\":\"WebPage\",\"@id\":\"https:\/\/barnetstarv.com\/index.php\/bogudgivelse\/\",\"url\":\"https:\/\/barnetstarv.com\/index.php\/bogudgivelse\/\",\"name\":\"Bogudgivelse - Barnets Tarv\",\"isPartOf\":{\"@id\":\"https:\/\/barnetstarv.com\/#website\"},\"primaryImageOfPage\":{\"@id\":\"https:\/\/barnetstarv.com\/index.php\/bogudgivelse\/#primaryimage\"},\"image\":{\"@id\":\"https:\/\/barnetstarv.com\/index.php\/bogudgivelse\/#primaryimage\"},\"thumbnailUrl\":\"https:\/\/barnetstarv.com\/wp-content\/uploads\/2023\/12\/ting-du-boer-vide-skilsmissesystem-300x200-1.jpg\",\"datePublished\":\"2023-12-05T14:43:02+00:00\",\"dateModified\":\"2023-12-07T17:59:48+00:00\",\"breadcrumb\":{\"@id\":\"https:\/\/barnetstarv.com\/index.php\/bogudgivelse\/#breadcrumb\"},\"inLanguage\":\"da-DK\",\"potentialAction\":[{\"@type\":\"ReadAction\",\"target\":[\"https:\/\/barnetstarv.com\/index.php\/bogudgivelse\/\"]}]},{\"@type\":\"ImageObject\",\"inLanguage\":\"da-DK\",\"@id\":\"https:\/\/barnetstarv.com\/index.php\/bogudgivelse\/#primaryimage\",\"url\":\"https:\/\/barnetstarv.com\/wp-content\/uploads\/2023\/12\/ting-du-boer-vide-skilsmissesystem-300x200-1.jpg\",\"contentUrl\":\"https:\/\/barnetstarv.com\/wp-content\/uploads\/2023\/12\/ting-du-boer-vide-skilsmissesystem-300x200-1.jpg\",\"width\":300,\"height\":200},{\"@type\":\"BreadcrumbList\",\"@id\":\"https:\/\/barnetstarv.com\/index.php\/bogudgivelse\/#breadcrumb\",\"itemListElement\":[{\"@type\":\"ListItem\",\"position\":1,\"name\":\"Hjem\",\"item\":\"https:\/\/barnetstarv.com\/\"},{\"@type\":\"ListItem\",\"position\":2,\"name\":\"Bogudgivelse\"}]},{\"@type\":\"WebSite\",\"@id\":\"https:\/\/barnetstarv.com\/#website\",\"url\":\"https:\/\/barnetstarv.com\/\",\"name\":\"Barnets Tarv\",\"description\":\"\",\"publisher\":{\"@id\":\"https:\/\/barnetstarv.com\/#organization\"},\"potentialAction\":[{\"@type\":\"SearchAction\",\"target\":{\"@type\":\"EntryPoint\",\"urlTemplate\":\"https:\/\/barnetstarv.com\/?s={search_term_string}\"},\"query-input\":{\"@type\":\"PropertyValueSpecification\",\"valueRequired\":true,\"valueName\":\"search_term_string\"}}],\"inLanguage\":\"da-DK\"},{\"@type\":\"Organization\",\"@id\":\"https:\/\/barnetstarv.com\/#organization\",\"name\":\"Barnets Tarv\",\"url\":\"https:\/\/barnetstarv.com\/\",\"logo\":{\"@type\":\"ImageObject\",\"inLanguage\":\"da-DK\",\"@id\":\"https:\/\/barnetstarv.com\/#\/schema\/logo\/image\/\",\"url\":\"https:\/\/barnetstarv.com\/wp-content\/uploads\/2023\/12\/barnets_tarv_logo_2023_V1.jpg\",\"contentUrl\":\"https:\/\/barnetstarv.com\/wp-content\/uploads\/2023\/12\/barnets_tarv_logo_2023_V1.jpg\",\"width\":914,\"height\":256,\"caption\":\"Barnets Tarv\"},\"image\":{\"@id\":\"https:\/\/barnetstarv.com\/#\/schema\/logo\/image\/\"},\"sameAs\":[\"https:\/\/www.facebook.com\/barnetstarv\/\"]}]}<\/script>\n<!-- \/ Yoast SEO plugin. -->","yoast_head_json":{"title":"Bogudgivelse - Barnets Tarv","robots":{"index":"index","follow":"follow","max-snippet":"max-snippet:-1","max-image-preview":"max-image-preview:large","max-video-preview":"max-video-preview:-1"},"canonical":"https:\/\/barnetstarv.com\/index.php\/bogudgivelse\/","og_locale":"da_DK","og_type":"article","og_title":"Bogudgivelse - Barnets Tarv","og_description":"Bogudgivelse Michael Hjelvang arbejder lige nu p\u00e5 en bog om sine egne oplevelser som skilsmissefor\u00e6lder. Der er tale om en autofiktiv roman med titlen Frikendt. Det er Michaels f\u00f8rste bog og er fort\u00e6llingen om en for\u00e6lders kamp for \u2013 og insisteren p\u00e5 \u2013 at v\u00e6re en del af sit barns liv. Et liv som han [&hellip;]","og_url":"https:\/\/barnetstarv.com\/index.php\/bogudgivelse\/","og_site_name":"Barnets Tarv","article_publisher":"https:\/\/www.facebook.com\/barnetstarv\/","article_modified_time":"2023-12-07T17:59:48+00:00","og_image":[{"url":"https:\/\/barnetstarv.com\/wp-content\/uploads\/2023\/12\/ting-du-boer-vide-skilsmissesystem-300x200-1.jpg","type":"","width":"","height":""}],"twitter_card":"summary_large_image","twitter_misc":{"Estimeret l\u00e6setid":"2 minutter"},"schema":{"@context":"https:\/\/schema.org","@graph":[{"@type":"WebPage","@id":"https:\/\/barnetstarv.com\/index.php\/bogudgivelse\/","url":"https:\/\/barnetstarv.com\/index.php\/bogudgivelse\/","name":"Bogudgivelse - Barnets Tarv","isPartOf":{"@id":"https:\/\/barnetstarv.com\/#website"},"primaryImageOfPage":{"@id":"https:\/\/barnetstarv.com\/index.php\/bogudgivelse\/#primaryimage"},"image":{"@id":"https:\/\/barnetstarv.com\/index.php\/bogudgivelse\/#primaryimage"},"thumbnailUrl":"https:\/\/barnetstarv.com\/wp-content\/uploads\/2023\/12\/ting-du-boer-vide-skilsmissesystem-300x200-1.jpg","datePublished":"2023-12-05T14:43:02+00:00","dateModified":"2023-12-07T17:59:48+00:00","breadcrumb":{"@id":"https:\/\/barnetstarv.com\/index.php\/bogudgivelse\/#breadcrumb"},"inLanguage":"da-DK","potentialAction":[{"@type":"ReadAction","target":["https:\/\/barnetstarv.com\/index.php\/bogudgivelse\/"]}]},{"@type":"ImageObject","inLanguage":"da-DK","@id":"https:\/\/barnetstarv.com\/index.php\/bogudgivelse\/#primaryimage","url":"https:\/\/barnetstarv.com\/wp-content\/uploads\/2023\/12\/ting-du-boer-vide-skilsmissesystem-300x200-1.jpg","contentUrl":"https:\/\/barnetstarv.com\/wp-content\/uploads\/2023\/12\/ting-du-boer-vide-skilsmissesystem-300x200-1.jpg","width":300,"height":200},{"@type":"BreadcrumbList","@id":"https:\/\/barnetstarv.com\/index.php\/bogudgivelse\/#breadcrumb","itemListElement":[{"@type":"ListItem","position":1,"name":"Hjem","item":"https:\/\/barnetstarv.com\/"},{"@type":"ListItem","position":2,"name":"Bogudgivelse"}]},{"@type":"WebSite","@id":"https:\/\/barnetstarv.com\/#website","url":"https:\/\/barnetstarv.com\/","name":"Barnets Tarv","description":"","publisher":{"@id":"https:\/\/barnetstarv.com\/#organization"},"potentialAction":[{"@type":"SearchAction","target":{"@type":"EntryPoint","urlTemplate":"https:\/\/barnetstarv.com\/?s={search_term_string}"},"query-input":{"@type":"PropertyValueSpecification","valueRequired":true,"valueName":"search_term_string"}}],"inLanguage":"da-DK"},{"@type":"Organization","@id":"https:\/\/barnetstarv.com\/#organization","name":"Barnets Tarv","url":"https:\/\/barnetstarv.com\/","logo":{"@type":"ImageObject","inLanguage":"da-DK","@id":"https:\/\/barnetstarv.com\/#\/schema\/logo\/image\/","url":"https:\/\/barnetstarv.com\/wp-content\/uploads\/2023\/12\/barnets_tarv_logo_2023_V1.jpg","contentUrl":"https:\/\/barnetstarv.com\/wp-content\/uploads\/2023\/12\/barnets_tarv_logo_2023_V1.jpg","width":914,"height":256,"caption":"Barnets Tarv"},"image":{"@id":"https:\/\/barnetstarv.com\/#\/schema\/logo\/image\/"},"sameAs":["https:\/\/www.facebook.com\/barnetstarv\/"]}]}},"_links":{"self":[{"href":"https:\/\/barnetstarv.com\/index.php\/wp-json\/wp\/v2\/pages\/16816","targetHints":{"allow":["GET"]}}],"collection":[{"href":"https:\/\/barnetstarv.com\/index.php\/wp-json\/wp\/v2\/pages"}],"about":[{"href":"https:\/\/barnetstarv.com\/index.php\/wp-json\/wp\/v2\/types\/page"}],"author":[{"embeddable":true,"href":"https:\/\/barnetstarv.com\/index.php\/wp-json\/wp\/v2\/users\/1"}],"replies":[{"embeddable":true,"href":"https:\/\/barnetstarv.com\/index.php\/wp-json\/wp\/v2\/comments?post=16816"}],"version-history":[{"count":4,"href":"https:\/\/barnetstarv.com\/index.php\/wp-json\/wp\/v2\/pages\/16816\/revisions"}],"predecessor-version":[{"id":16991,"href":"https:\/\/barnetstarv.com\/index.php\/wp-json\/wp\/v2\/pages\/16816\/revisions\/16991"}],"wp:attachment":[{"href":"https:\/\/barnetstarv.com\/index.php\/wp-json\/wp\/v2\/media?parent=16816"}],"curies":[{"name":"wp","href":"https:\/\/api.w.org\/{rel}","templated":true}]}}