{"id":16822,"date":"2023-12-05T14:43:31","date_gmt":"2023-12-05T14:43:31","guid":{"rendered":"http:\/\/46.4.121.70\/~barnetst\/nyside\/?page_id=16822"},"modified":"2024-03-12T09:50:35","modified_gmt":"2024-03-12T09:50:35","slug":"del-din-historie","status":"publish","type":"page","link":"https:\/\/barnetstarv.com\/index.php\/del-din-historie\/","title":{"rendered":"Del din historie"},"content":{"rendered":"\t\t<div data-elementor-type=\"wp-page\" data-elementor-id=\"16822\" class=\"elementor elementor-16822\">\n\t\t\t\t\t\t<section class=\"elementor-section elementor-top-section elementor-element elementor-element-6de6b18e elementor-section-boxed elementor-section-height-default elementor-section-height-default\" data-id=\"6de6b18e\" data-element_type=\"section\">\n\t\t\t\t\t\t<div class=\"elementor-container elementor-column-gap-default\">\n\t\t\t\t\t<div class=\"elementor-column elementor-col-100 elementor-top-column elementor-element elementor-element-59d59494\" data-id=\"59d59494\" data-element_type=\"column\">\n\t\t\t<div class=\"elementor-widget-wrap elementor-element-populated\">\n\t\t\t\t\t\t<div class=\"elementor-element elementor-element-8153097 elementor-widget elementor-widget-heading\" data-id=\"8153097\" data-element_type=\"widget\" data-widget_type=\"heading.default\">\n\t\t\t\t<div class=\"elementor-widget-container\">\n\t\t\t\t\t<h3 class=\"elementor-heading-title elementor-size-default\">Del din historie<\/h3>\t\t\t\t<\/div>\n\t\t\t\t<\/div>\n\t\t\t\t<div class=\"elementor-element elementor-element-2b97992b elementor-widget elementor-widget-text-editor\" data-id=\"2b97992b\" data-element_type=\"widget\" data-widget_type=\"text-editor.default\">\n\t\t\t\t<div class=\"elementor-widget-container\">\n\t\t\t\t\t\t\t\t\t<p>Har du selv oplevet at st\u00e5 midt i en tung skilsmisse?<\/p><p>M\u00e5ske du har oplevet hvordan skruppell\u00f8se advokaters adf\u00e6rd i b\u00f8rnesager tr\u00e6kker dybe spor efter sig? Eller m\u00e5ske du har oplevet at v\u00e6re udsat for udokumenterede og grundl\u00f8se anklager?<\/p><p>Send din historie fra Skilsmisse-Danmark via nedenst\u00e5ende formular eller til info@barnetstarv.com. S\u00e5 deler jeg m\u00e5ske dine oplevelser her p\u00e5 siden. Husk at skrive nedenfor, om du \u00f8nsker, at dit indl\u00e6g skal v\u00e6re anonymt.<\/p><p>Jeg l\u00e6gger ikke indl\u00e6g op, der p\u00e5 nogen m\u00e5de kan virke injurierende eller kr\u00e6nkende. Det er derfor vigtigt, at du holder fokus p\u00e5 at fort\u00e6lle om dine egne subjektive oplevelser.<\/p><p>Du er meget velkommen til at sende en mail til mig med din historie p\u00e5\u00a0<a href=\"mailto:info@barnetstarv.com\" target=\"_blank\" rel=\"noopener\">info@barnetstarv.com<\/a>\u00a0&#8211; Du kan ogs\u00e5 bare skrive for at tage kontakt, s\u00e5 finder vi ud af resten derfra.<\/p><p>De bedste hilsner<br \/><i>Michael Hjelvang<\/i><\/p>\t\t\t\t\t\t\t\t<\/div>\n\t\t\t\t<\/div>\n\t\t\t\t<div class=\"elementor-element elementor-element-783255f elementor-widget elementor-widget-image\" data-id=\"783255f\" data-element_type=\"widget\" data-widget_type=\"image.default\">\n\t\t\t\t<div class=\"elementor-widget-container\">\n\t\t\t\t\t\t\t\t\t\t\t\t\t\t\t<img fetchpriority=\"high\" decoding=\"async\" width=\"300\" height=\"200\" src=\"https:\/\/barnetstarv.com\/wp-content\/uploads\/2023\/12\/michael-hjelvang-300x200.jpg\" class=\"attachment-medium size-medium wp-image-17070\" alt=\"\" srcset=\"https:\/\/barnetstarv.com\/wp-content\/uploads\/2023\/12\/michael-hjelvang-300x200.jpg 300w, https:\/\/barnetstarv.com\/wp-content\/uploads\/2023\/12\/michael-hjelvang-768x512.jpg 768w, https:\/\/barnetstarv.com\/wp-content\/uploads\/2023\/12\/michael-hjelvang.jpg 1024w\" sizes=\"(max-width: 300px) 100vw, 300px\" \/>\t\t\t\t\t\t\t\t\t\t\t\t\t\t\t<\/div>\n\t\t\t\t<\/div>\n\t\t\t\t\t<\/div>\n\t\t<\/div>\n\t\t\t\t\t<\/div>\n\t\t<\/section>\n\t\t\t\t<\/div>\n\t\t","protected":false},"excerpt":{"rendered":"<p>Del din historie Har du selv oplevet at st\u00e5 midt i en tung skilsmisse? M\u00e5ske du har oplevet hvordan skruppell\u00f8se advokaters adf\u00e6rd i b\u00f8rnesager tr\u00e6kker dybe spor efter sig? Eller m\u00e5ske du har oplevet at v\u00e6re udsat for udokumenterede og grundl\u00f8se anklager? Send din historie fra Skilsmisse-Danmark via nedenst\u00e5ende formular eller til info@barnetstarv.com. S\u00e5 deler [&hellip;]<\/p>\n","protected":false},"author":1,"featured_media":0,"parent":0,"menu_order":0,"comment_status":"closed","ping_status":"closed","template":"","meta":{"footnotes":""},"class_list":["post-16822","page","type-page","status-publish","hentry"],"yoast_head":"<!-- This site is optimized with the Yoast SEO plugin v24.6 - https:\/\/yoast.com\/wordpress\/plugins\/seo\/ -->\n<title>Del din historie - Barnets Tarv<\/title>\n<meta name=\"robots\" content=\"index, follow, max-snippet:-1, max-image-preview:large, max-video-preview:-1\" \/>\n<link rel=\"canonical\" href=\"https:\/\/barnetstarv.com\/index.php\/del-din-historie\/\" \/>\n<meta property=\"og:locale\" content=\"da_DK\" \/>\n<meta property=\"og:type\" content=\"article\" \/>\n<meta property=\"og:title\" content=\"Del din historie - Barnets Tarv\" \/>\n<meta property=\"og:description\" content=\"Del din historie Har du selv oplevet at st\u00e5 midt i en tung skilsmisse? M\u00e5ske du har oplevet hvordan skruppell\u00f8se advokaters adf\u00e6rd i b\u00f8rnesager tr\u00e6kker dybe spor efter sig? Eller m\u00e5ske du har oplevet at v\u00e6re udsat for udokumenterede og grundl\u00f8se anklager? Send din historie fra Skilsmisse-Danmark via nedenst\u00e5ende formular eller til info@barnetstarv.com. S\u00e5 deler [&hellip;]\" \/>\n<meta property=\"og:url\" content=\"https:\/\/barnetstarv.com\/index.php\/del-din-historie\/\" \/>\n<meta property=\"og:site_name\" content=\"Barnets Tarv\" \/>\n<meta property=\"article:publisher\" content=\"https:\/\/www.facebook.com\/barnetstarv\/\" \/>\n<meta property=\"article:modified_time\" content=\"2024-03-12T09:50:35+00:00\" \/>\n<meta property=\"og:image\" content=\"https:\/\/barnetstarv.com\/wp-content\/uploads\/2023\/12\/michael-hjelvang-300x200.jpg\" \/>\n<meta name=\"twitter:card\" content=\"summary_large_image\" \/>\n<meta name=\"twitter:label1\" content=\"Estimeret l\u00e6setid\" \/>\n\t<meta name=\"twitter:data1\" content=\"1 minut\" \/>\n<script type=\"application\/ld+json\" class=\"yoast-schema-graph\">{\"@context\":\"https:\/\/schema.org\",\"@graph\":[{\"@type\":\"WebPage\",\"@id\":\"https:\/\/barnetstarv.com\/index.php\/del-din-historie\/\",\"url\":\"https:\/\/barnetstarv.com\/index.php\/del-din-historie\/\",\"name\":\"Del din historie - Barnets Tarv\",\"isPartOf\":{\"@id\":\"https:\/\/barnetstarv.com\/#website\"},\"primaryImageOfPage\":{\"@id\":\"https:\/\/barnetstarv.com\/index.php\/del-din-historie\/#primaryimage\"},\"image\":{\"@id\":\"https:\/\/barnetstarv.com\/index.php\/del-din-historie\/#primaryimage\"},\"thumbnailUrl\":\"https:\/\/barnetstarv.com\/wp-content\/uploads\/2023\/12\/michael-hjelvang-300x200.jpg\",\"datePublished\":\"2023-12-05T14:43:31+00:00\",\"dateModified\":\"2024-03-12T09:50:35+00:00\",\"breadcrumb\":{\"@id\":\"https:\/\/barnetstarv.com\/index.php\/del-din-historie\/#breadcrumb\"},\"inLanguage\":\"da-DK\",\"potentialAction\":[{\"@type\":\"ReadAction\",\"target\":[\"https:\/\/barnetstarv.com\/index.php\/del-din-historie\/\"]}]},{\"@type\":\"ImageObject\",\"inLanguage\":\"da-DK\",\"@id\":\"https:\/\/barnetstarv.com\/index.php\/del-din-historie\/#primaryimage\",\"url\":\"https:\/\/barnetstarv.com\/wp-content\/uploads\/2023\/12\/michael-hjelvang.jpg\",\"contentUrl\":\"https:\/\/barnetstarv.com\/wp-content\/uploads\/2023\/12\/michael-hjelvang.jpg\",\"width\":1024,\"height\":683},{\"@type\":\"BreadcrumbList\",\"@id\":\"https:\/\/barnetstarv.com\/index.php\/del-din-historie\/#breadcrumb\",\"itemListElement\":[{\"@type\":\"ListItem\",\"position\":1,\"name\":\"Hjem\",\"item\":\"https:\/\/barnetstarv.com\/\"},{\"@type\":\"ListItem\",\"position\":2,\"name\":\"Del din historie\"}]},{\"@type\":\"WebSite\",\"@id\":\"https:\/\/barnetstarv.com\/#website\",\"url\":\"https:\/\/barnetstarv.com\/\",\"name\":\"Barnets Tarv\",\"description\":\"\",\"publisher\":{\"@id\":\"https:\/\/barnetstarv.com\/#organization\"},\"potentialAction\":[{\"@type\":\"SearchAction\",\"target\":{\"@type\":\"EntryPoint\",\"urlTemplate\":\"https:\/\/barnetstarv.com\/?s={search_term_string}\"},\"query-input\":{\"@type\":\"PropertyValueSpecification\",\"valueRequired\":true,\"valueName\":\"search_term_string\"}}],\"inLanguage\":\"da-DK\"},{\"@type\":\"Organization\",\"@id\":\"https:\/\/barnetstarv.com\/#organization\",\"name\":\"Barnets Tarv\",\"url\":\"https:\/\/barnetstarv.com\/\",\"logo\":{\"@type\":\"ImageObject\",\"inLanguage\":\"da-DK\",\"@id\":\"https:\/\/barnetstarv.com\/#\/schema\/logo\/image\/\",\"url\":\"https:\/\/barnetstarv.com\/wp-content\/uploads\/2023\/12\/barnets_tarv_logo_2023_V1.jpg\",\"contentUrl\":\"https:\/\/barnetstarv.com\/wp-content\/uploads\/2023\/12\/barnets_tarv_logo_2023_V1.jpg\",\"width\":914,\"height\":256,\"caption\":\"Barnets Tarv\"},\"image\":{\"@id\":\"https:\/\/barnetstarv.com\/#\/schema\/logo\/image\/\"},\"sameAs\":[\"https:\/\/www.facebook.com\/barnetstarv\/\"]}]}<\/script>\n<!-- \/ Yoast SEO plugin. -->","yoast_head_json":{"title":"Del din historie - Barnets Tarv","robots":{"index":"index","follow":"follow","max-snippet":"max-snippet:-1","max-image-preview":"max-image-preview:large","max-video-preview":"max-video-preview:-1"},"canonical":"https:\/\/barnetstarv.com\/index.php\/del-din-historie\/","og_locale":"da_DK","og_type":"article","og_title":"Del din historie - Barnets Tarv","og_description":"Del din historie Har du selv oplevet at st\u00e5 midt i en tung skilsmisse? M\u00e5ske du har oplevet hvordan skruppell\u00f8se advokaters adf\u00e6rd i b\u00f8rnesager tr\u00e6kker dybe spor efter sig? Eller m\u00e5ske du har oplevet at v\u00e6re udsat for udokumenterede og grundl\u00f8se anklager? Send din historie fra Skilsmisse-Danmark via nedenst\u00e5ende formular eller til info@barnetstarv.com. S\u00e5 deler [&hellip;]","og_url":"https:\/\/barnetstarv.com\/index.php\/del-din-historie\/","og_site_name":"Barnets Tarv","article_publisher":"https:\/\/www.facebook.com\/barnetstarv\/","article_modified_time":"2024-03-12T09:50:35+00:00","og_image":[{"url":"https:\/\/barnetstarv.com\/wp-content\/uploads\/2023\/12\/michael-hjelvang-300x200.jpg","type":"","width":"","height":""}],"twitter_card":"summary_large_image","twitter_misc":{"Estimeret l\u00e6setid":"1 minut"},"schema":{"@context":"https:\/\/schema.org","@graph":[{"@type":"WebPage","@id":"https:\/\/barnetstarv.com\/index.php\/del-din-historie\/","url":"https:\/\/barnetstarv.com\/index.php\/del-din-historie\/","name":"Del din historie - Barnets Tarv","isPartOf":{"@id":"https:\/\/barnetstarv.com\/#website"},"primaryImageOfPage":{"@id":"https:\/\/barnetstarv.com\/index.php\/del-din-historie\/#primaryimage"},"image":{"@id":"https:\/\/barnetstarv.com\/index.php\/del-din-historie\/#primaryimage"},"thumbnailUrl":"https:\/\/barnetstarv.com\/wp-content\/uploads\/2023\/12\/michael-hjelvang-300x200.jpg","datePublished":"2023-12-05T14:43:31+00:00","dateModified":"2024-03-12T09:50:35+00:00","breadcrumb":{"@id":"https:\/\/barnetstarv.com\/index.php\/del-din-historie\/#breadcrumb"},"inLanguage":"da-DK","potentialAction":[{"@type":"ReadAction","target":["https:\/\/barnetstarv.com\/index.php\/del-din-historie\/"]}]},{"@type":"ImageObject","inLanguage":"da-DK","@id":"https:\/\/barnetstarv.com\/index.php\/del-din-historie\/#primaryimage","url":"https:\/\/barnetstarv.com\/wp-content\/uploads\/2023\/12\/michael-hjelvang.jpg","contentUrl":"https:\/\/barnetstarv.com\/wp-content\/uploads\/2023\/12\/michael-hjelvang.jpg","width":1024,"height":683},{"@type":"BreadcrumbList","@id":"https:\/\/barnetstarv.com\/index.php\/del-din-historie\/#breadcrumb","itemListElement":[{"@type":"ListItem","position":1,"name":"Hjem","item":"https:\/\/barnetstarv.com\/"},{"@type":"ListItem","position":2,"name":"Del din historie"}]},{"@type":"WebSite","@id":"https:\/\/barnetstarv.com\/#website","url":"https:\/\/barnetstarv.com\/","name":"Barnets Tarv","description":"","publisher":{"@id":"https:\/\/barnetstarv.com\/#organization"},"potentialAction":[{"@type":"SearchAction","target":{"@type":"EntryPoint","urlTemplate":"https:\/\/barnetstarv.com\/?s={search_term_string}"},"query-input":{"@type":"PropertyValueSpecification","valueRequired":true,"valueName":"search_term_string"}}],"inLanguage":"da-DK"},{"@type":"Organization","@id":"https:\/\/barnetstarv.com\/#organization","name":"Barnets Tarv","url":"https:\/\/barnetstarv.com\/","logo":{"@type":"ImageObject","inLanguage":"da-DK","@id":"https:\/\/barnetstarv.com\/#\/schema\/logo\/image\/","url":"https:\/\/barnetstarv.com\/wp-content\/uploads\/2023\/12\/barnets_tarv_logo_2023_V1.jpg","contentUrl":"https:\/\/barnetstarv.com\/wp-content\/uploads\/2023\/12\/barnets_tarv_logo_2023_V1.jpg","width":914,"height":256,"caption":"Barnets Tarv"},"image":{"@id":"https:\/\/barnetstarv.com\/#\/schema\/logo\/image\/"},"sameAs":["https:\/\/www.facebook.com\/barnetstarv\/"]}]}},"_links":{"self":[{"href":"https:\/\/barnetstarv.com\/index.php\/wp-json\/wp\/v2\/pages\/16822","targetHints":{"allow":["GET"]}}],"collection":[{"href":"https:\/\/barnetstarv.com\/index.php\/wp-json\/wp\/v2\/pages"}],"about":[{"href":"https:\/\/barnetstarv.com\/index.php\/wp-json\/wp\/v2\/types\/page"}],"author":[{"embeddable":true,"href":"https:\/\/barnetstarv.com\/index.php\/wp-json\/wp\/v2\/users\/1"}],"replies":[{"embeddable":true,"href":"https:\/\/barnetstarv.com\/index.php\/wp-json\/wp\/v2\/comments?post=16822"}],"version-history":[{"count":10,"href":"https:\/\/barnetstarv.com\/index.php\/wp-json\/wp\/v2\/pages\/16822\/revisions"}],"predecessor-version":[{"id":17155,"href":"https:\/\/barnetstarv.com\/index.php\/wp-json\/wp\/v2\/pages\/16822\/revisions\/17155"}],"wp:attachment":[{"href":"https:\/\/barnetstarv.com\/index.php\/wp-json\/wp\/v2\/media?parent=16822"}],"curies":[{"name":"wp","href":"https:\/\/api.w.org\/{rel}","templated":true}]}}