{"id":16826,"date":"2023-12-05T14:44:24","date_gmt":"2023-12-05T14:44:24","guid":{"rendered":"http:\/\/46.4.121.70\/~barnetst\/nyside\/?page_id=16826"},"modified":"2023-12-07T18:05:34","modified_gmt":"2023-12-07T18:05:34","slug":"om-bloggen","status":"publish","type":"page","link":"https:\/\/barnetstarv.com\/index.php\/blogindlaeg\/om-bloggen\/","title":{"rendered":"Om bloggen"},"content":{"rendered":"\t\t<div data-elementor-type=\"wp-page\" data-elementor-id=\"16826\" class=\"elementor elementor-16826\">\n\t\t\t\t\t\t<section class=\"elementor-section elementor-top-section elementor-element elementor-element-7845397 elementor-section-boxed elementor-section-height-default elementor-section-height-default\" data-id=\"7845397\" data-element_type=\"section\">\n\t\t\t\t\t\t<div class=\"elementor-container elementor-column-gap-default\">\n\t\t\t\t\t<div class=\"elementor-column elementor-col-100 elementor-top-column elementor-element elementor-element-610d5875\" data-id=\"610d5875\" data-element_type=\"column\">\n\t\t\t<div class=\"elementor-widget-wrap elementor-element-populated\">\n\t\t\t\t\t\t<div class=\"elementor-element elementor-element-4d8a98bd elementor-widget elementor-widget-heading\" data-id=\"4d8a98bd\" data-element_type=\"widget\" data-widget_type=\"heading.default\">\n\t\t\t\t<div class=\"elementor-widget-container\">\n\t\t\t\t\t<h3 class=\"elementor-heading-title elementor-size-default\">Om bloggen<\/h3>\t\t\t\t<\/div>\n\t\t\t\t<\/div>\n\t\t\t\t<div class=\"elementor-element elementor-element-458b53f8 elementor-widget elementor-widget-text-editor\" data-id=\"458b53f8\" data-element_type=\"widget\" data-widget_type=\"text-editor.default\">\n\t\t\t\t<div class=\"elementor-widget-container\">\n\t\t\t\t\t\t\t\t\t<p>Du tr\u00e6der nu ind p\u00e5 min blog, som er et udtryk for mine subjektive oplevelser og erfaringer.<\/p><p>\u201d<em>Far, de hilste ikke p\u00e5 dig?<\/em>\u00a0\u201c lyder det forundret fra min s\u00f8n.<\/p><p>\u201d<em>Nej, men de s\u00e5 os nok ikke<\/em>\u00a0\u201c svarer jeg ham med et smil.<\/p><p>Men ingen af os er overbevist. Inderst inde ved jeg jo godt, hvordan folk st\u00e5r og kikker ned i asfalten, n\u00e5r de m\u00f8der mig. Jeg kan m\u00e6rke den d\u00e5rlige stemning. Korte lukkede svar. Smagen af mistillid.<\/p><p>Jeg ved ogs\u00e5 godt, at man p\u00e5 min s\u00f8ns 7-\u00e5rs f\u00f8dselsdag modtager et anonymt brev i den lokale fodboldklub, hvor jeg er tr\u00e6ner. I brevet udtrykkes der st\u00e6rkt\u00a0ubehag ved, at jeg er ansat som fodboldtr\u00e6ner for et hold mindre drenge. \u00a0Og klubben opfordres til at fyre mig.<\/p><p>Jeg ved ikke, hvem brevet er fra. Men jeg ved, at det g\u00f8r ondt som ind i helvede.<\/p><p><u>\u201dDin far er ond\u201d<\/u><\/p><p>Jeg har i forhold til min s\u00f8n t\u00e6nkt meget over, om det er en god id\u00e9 at st\u00e5 frem? Om jeg s\u00e6tter mine egne behov foran hans? Om jeg udstiller ham? Svaret er dybest set meget enkelt:\u00a0Jeg f\u00f8ler, at det er vigtigt, at sandheden kommer frem, s\u00e5 uvisheden ikke sejrer. Jeg har ikke tal p\u00e5 de mange kampe, vi har m\u00e5tte tage som f\u00f8lge af de pr\u00e6dikater, der er sat p\u00e5 mig: En d\u00e5rlig og ond far som de andre b\u00f8rn ikke m\u00e5 lege med. Eksempelvis har flere af min s\u00f8ns kammerater, som han ellers har leget med utallige gange s\u00e5vel hos dem som hos os, f\u00e5et at vide, at de ikke kan komme hjem til ham for at lege. Begrundelse: \u201d<em>Din far er ond<\/em>\u201d.<\/p><p>Heldigvis har flertallet af for\u00e6ldre\u00a0\u00e5bnet deres hjem og deres hjerter for min s\u00f8n og jeg. Jeg m\u00e6rker en k\u00e6rlighed og en varme, som r\u00f8rer mig dybt. Og det er ogs\u00e5 med til at give mig styrke og mod til nu at st\u00e5 frem. Jeg ved, at der er mennesker, der ser mig og stoler p\u00e5 mig. Og som altid vil v\u00e6re der.<\/p><p><u>En subjektiv fort\u00e6lling<\/u><\/p><p>Bloggen er et udtryk for mine subjektive holdninger og oplevelser, og jeg g\u00f8r p\u00e5 ingen m\u00e5de krav p\u00e5 sandheden. H\u00e6ndelsesforl\u00f8bet er udelukkende beskrevet. som det ser ud med mine \u00f8jne, og jeg anerkender fuldt ud, at der kan v\u00e6re andre, som har en anden oplevelse af begivenhederne.<\/p><p><u>Et barn har ret til to for\u00e6ldre<\/u><\/p><p>Det er vigtigt for mig at understrege, at jeg hverken stiller mig p\u00e5 f\u00e6drenes eller p\u00e5 m\u00f8drenes side. For mig at se er diskussionen om for\u00e6ldres rettigheder h\u00e5bl\u00f8s og misforst\u00e5et. Det handler om barnet. Og derfor ogs\u00e5 titlen p\u00e5 denne blog og p\u00e5 min virksomhed \u201cBarnets Tarv\u201d. Jeg anerkender fuldt ud, at der er kvinder, som bliver fanget i systemet pga. voldelige og\/eller psykisk ustabile m\u00e6nd. Jeg har kendskab til flere af den type sager. Og har stor sympati for de p\u00e5g\u00e6ldende kvinder. Omvendt anerkender jeg ogs\u00e5, at der er m\u00e6nd, der diskrimineres pga. af deres k\u00f8n og som uretm\u00e6ssigt mister retten til at se deres b\u00f8rn. Men det er og bliver for mig at se en debat, der klinger hult og som ikke gavner dem, det hele handler om, nemlig b\u00f8rnene.\u00a0Den 1. oktober 2007 tr\u00e5dte s\u00e5ledes ogs\u00e5 den nye for\u00e6ldreansvarslov i kraft. Der blev med loven lagt op til et paradigmeskifte i m\u00e5den at anskue omr\u00e5det p\u00e5. Det er s\u00e5ledes barnets ret til to for\u00e6ldre og ikke for\u00e6ldrenes ret til barnet, der nu er i\u00a0centrum. Jeg kunne ikke v\u00e6re mere enig.<\/p><p>Jeg h\u00e5ber, at du har lyst til at l\u00e6se med.<\/p>\t\t\t\t\t\t\t\t<\/div>\n\t\t\t\t<\/div>\n\t\t\t\t\t<\/div>\n\t\t<\/div>\n\t\t\t\t\t<\/div>\n\t\t<\/section>\n\t\t\t\t<\/div>\n\t\t","protected":false},"excerpt":{"rendered":"<p>Om bloggen Du tr\u00e6der nu ind p\u00e5 min blog, som er et udtryk for mine subjektive oplevelser og erfaringer. \u201dFar, de hilste ikke p\u00e5 dig?\u00a0\u201c lyder det forundret fra min s\u00f8n. \u201dNej, men de s\u00e5 os nok ikke\u00a0\u201c svarer jeg ham med et smil. Men ingen af os er overbevist. Inderst inde ved jeg jo [&hellip;]<\/p>\n","protected":false},"author":1,"featured_media":0,"parent":16818,"menu_order":0,"comment_status":"closed","ping_status":"closed","template":"","meta":{"footnotes":""},"class_list":["post-16826","page","type-page","status-publish","hentry"],"yoast_head":"<!-- This site is optimized with the Yoast SEO plugin v24.6 - https:\/\/yoast.com\/wordpress\/plugins\/seo\/ -->\n<title>Om bloggen - Barnets Tarv<\/title>\n<meta name=\"robots\" content=\"index, follow, max-snippet:-1, max-image-preview:large, max-video-preview:-1\" \/>\n<link rel=\"canonical\" href=\"https:\/\/barnetstarv.com\/index.php\/blogindlaeg\/om-bloggen\/\" \/>\n<meta property=\"og:locale\" content=\"da_DK\" \/>\n<meta property=\"og:type\" content=\"article\" \/>\n<meta property=\"og:title\" content=\"Om bloggen - Barnets Tarv\" \/>\n<meta property=\"og:description\" content=\"Om bloggen Du tr\u00e6der nu ind p\u00e5 min blog, som er et udtryk for mine subjektive oplevelser og erfaringer. \u201dFar, de hilste ikke p\u00e5 dig?\u00a0\u201c lyder det forundret fra min s\u00f8n. \u201dNej, men de s\u00e5 os nok ikke\u00a0\u201c svarer jeg ham med et smil. Men ingen af os er overbevist. Inderst inde ved jeg jo [&hellip;]\" \/>\n<meta property=\"og:url\" content=\"https:\/\/barnetstarv.com\/index.php\/blogindlaeg\/om-bloggen\/\" \/>\n<meta property=\"og:site_name\" content=\"Barnets Tarv\" \/>\n<meta property=\"article:publisher\" content=\"https:\/\/www.facebook.com\/barnetstarv\/\" \/>\n<meta property=\"article:modified_time\" content=\"2023-12-07T18:05:34+00:00\" \/>\n<meta name=\"twitter:card\" content=\"summary_large_image\" \/>\n<meta name=\"twitter:label1\" content=\"Estimeret l\u00e6setid\" \/>\n\t<meta name=\"twitter:data1\" content=\"3 minutter\" \/>\n<script type=\"application\/ld+json\" class=\"yoast-schema-graph\">{\"@context\":\"https:\/\/schema.org\",\"@graph\":[{\"@type\":\"WebPage\",\"@id\":\"https:\/\/barnetstarv.com\/index.php\/blogindlaeg\/om-bloggen\/\",\"url\":\"https:\/\/barnetstarv.com\/index.php\/blogindlaeg\/om-bloggen\/\",\"name\":\"Om bloggen - Barnets Tarv\",\"isPartOf\":{\"@id\":\"https:\/\/barnetstarv.com\/#website\"},\"datePublished\":\"2023-12-05T14:44:24+00:00\",\"dateModified\":\"2023-12-07T18:05:34+00:00\",\"breadcrumb\":{\"@id\":\"https:\/\/barnetstarv.com\/index.php\/blogindlaeg\/om-bloggen\/#breadcrumb\"},\"inLanguage\":\"da-DK\",\"potentialAction\":[{\"@type\":\"ReadAction\",\"target\":[\"https:\/\/barnetstarv.com\/index.php\/blogindlaeg\/om-bloggen\/\"]}]},{\"@type\":\"BreadcrumbList\",\"@id\":\"https:\/\/barnetstarv.com\/index.php\/blogindlaeg\/om-bloggen\/#breadcrumb\",\"itemListElement\":[{\"@type\":\"ListItem\",\"position\":1,\"name\":\"Hjem\",\"item\":\"https:\/\/barnetstarv.com\/\"},{\"@type\":\"ListItem\",\"position\":2,\"name\":\"Blog\",\"item\":\"https:\/\/barnetstarv.com\/index.php\/blogindlaeg\/\"},{\"@type\":\"ListItem\",\"position\":3,\"name\":\"Om bloggen\"}]},{\"@type\":\"WebSite\",\"@id\":\"https:\/\/barnetstarv.com\/#website\",\"url\":\"https:\/\/barnetstarv.com\/\",\"name\":\"Barnets Tarv\",\"description\":\"\",\"publisher\":{\"@id\":\"https:\/\/barnetstarv.com\/#organization\"},\"potentialAction\":[{\"@type\":\"SearchAction\",\"target\":{\"@type\":\"EntryPoint\",\"urlTemplate\":\"https:\/\/barnetstarv.com\/?s={search_term_string}\"},\"query-input\":{\"@type\":\"PropertyValueSpecification\",\"valueRequired\":true,\"valueName\":\"search_term_string\"}}],\"inLanguage\":\"da-DK\"},{\"@type\":\"Organization\",\"@id\":\"https:\/\/barnetstarv.com\/#organization\",\"name\":\"Barnets Tarv\",\"url\":\"https:\/\/barnetstarv.com\/\",\"logo\":{\"@type\":\"ImageObject\",\"inLanguage\":\"da-DK\",\"@id\":\"https:\/\/barnetstarv.com\/#\/schema\/logo\/image\/\",\"url\":\"https:\/\/barnetstarv.com\/wp-content\/uploads\/2023\/12\/barnets_tarv_logo_2023_V1.jpg\",\"contentUrl\":\"https:\/\/barnetstarv.com\/wp-content\/uploads\/2023\/12\/barnets_tarv_logo_2023_V1.jpg\",\"width\":914,\"height\":256,\"caption\":\"Barnets Tarv\"},\"image\":{\"@id\":\"https:\/\/barnetstarv.com\/#\/schema\/logo\/image\/\"},\"sameAs\":[\"https:\/\/www.facebook.com\/barnetstarv\/\"]}]}<\/script>\n<!-- \/ Yoast SEO plugin. -->","yoast_head_json":{"title":"Om bloggen - Barnets Tarv","robots":{"index":"index","follow":"follow","max-snippet":"max-snippet:-1","max-image-preview":"max-image-preview:large","max-video-preview":"max-video-preview:-1"},"canonical":"https:\/\/barnetstarv.com\/index.php\/blogindlaeg\/om-bloggen\/","og_locale":"da_DK","og_type":"article","og_title":"Om bloggen - Barnets Tarv","og_description":"Om bloggen Du tr\u00e6der nu ind p\u00e5 min blog, som er et udtryk for mine subjektive oplevelser og erfaringer. \u201dFar, de hilste ikke p\u00e5 dig?\u00a0\u201c lyder det forundret fra min s\u00f8n. \u201dNej, men de s\u00e5 os nok ikke\u00a0\u201c svarer jeg ham med et smil. Men ingen af os er overbevist. Inderst inde ved jeg jo [&hellip;]","og_url":"https:\/\/barnetstarv.com\/index.php\/blogindlaeg\/om-bloggen\/","og_site_name":"Barnets Tarv","article_publisher":"https:\/\/www.facebook.com\/barnetstarv\/","article_modified_time":"2023-12-07T18:05:34+00:00","twitter_card":"summary_large_image","twitter_misc":{"Estimeret l\u00e6setid":"3 minutter"},"schema":{"@context":"https:\/\/schema.org","@graph":[{"@type":"WebPage","@id":"https:\/\/barnetstarv.com\/index.php\/blogindlaeg\/om-bloggen\/","url":"https:\/\/barnetstarv.com\/index.php\/blogindlaeg\/om-bloggen\/","name":"Om bloggen - Barnets Tarv","isPartOf":{"@id":"https:\/\/barnetstarv.com\/#website"},"datePublished":"2023-12-05T14:44:24+00:00","dateModified":"2023-12-07T18:05:34+00:00","breadcrumb":{"@id":"https:\/\/barnetstarv.com\/index.php\/blogindlaeg\/om-bloggen\/#breadcrumb"},"inLanguage":"da-DK","potentialAction":[{"@type":"ReadAction","target":["https:\/\/barnetstarv.com\/index.php\/blogindlaeg\/om-bloggen\/"]}]},{"@type":"BreadcrumbList","@id":"https:\/\/barnetstarv.com\/index.php\/blogindlaeg\/om-bloggen\/#breadcrumb","itemListElement":[{"@type":"ListItem","position":1,"name":"Hjem","item":"https:\/\/barnetstarv.com\/"},{"@type":"ListItem","position":2,"name":"Blog","item":"https:\/\/barnetstarv.com\/index.php\/blogindlaeg\/"},{"@type":"ListItem","position":3,"name":"Om bloggen"}]},{"@type":"WebSite","@id":"https:\/\/barnetstarv.com\/#website","url":"https:\/\/barnetstarv.com\/","name":"Barnets Tarv","description":"","publisher":{"@id":"https:\/\/barnetstarv.com\/#organization"},"potentialAction":[{"@type":"SearchAction","target":{"@type":"EntryPoint","urlTemplate":"https:\/\/barnetstarv.com\/?s={search_term_string}"},"query-input":{"@type":"PropertyValueSpecification","valueRequired":true,"valueName":"search_term_string"}}],"inLanguage":"da-DK"},{"@type":"Organization","@id":"https:\/\/barnetstarv.com\/#organization","name":"Barnets Tarv","url":"https:\/\/barnetstarv.com\/","logo":{"@type":"ImageObject","inLanguage":"da-DK","@id":"https:\/\/barnetstarv.com\/#\/schema\/logo\/image\/","url":"https:\/\/barnetstarv.com\/wp-content\/uploads\/2023\/12\/barnets_tarv_logo_2023_V1.jpg","contentUrl":"https:\/\/barnetstarv.com\/wp-content\/uploads\/2023\/12\/barnets_tarv_logo_2023_V1.jpg","width":914,"height":256,"caption":"Barnets Tarv"},"image":{"@id":"https:\/\/barnetstarv.com\/#\/schema\/logo\/image\/"},"sameAs":["https:\/\/www.facebook.com\/barnetstarv\/"]}]}},"_links":{"self":[{"href":"https:\/\/barnetstarv.com\/index.php\/wp-json\/wp\/v2\/pages\/16826","targetHints":{"allow":["GET"]}}],"collection":[{"href":"https:\/\/barnetstarv.com\/index.php\/wp-json\/wp\/v2\/pages"}],"about":[{"href":"https:\/\/barnetstarv.com\/index.php\/wp-json\/wp\/v2\/types\/page"}],"author":[{"embeddable":true,"href":"https:\/\/barnetstarv.com\/index.php\/wp-json\/wp\/v2\/users\/1"}],"replies":[{"embeddable":true,"href":"https:\/\/barnetstarv.com\/index.php\/wp-json\/wp\/v2\/comments?post=16826"}],"version-history":[{"count":4,"href":"https:\/\/barnetstarv.com\/index.php\/wp-json\/wp\/v2\/pages\/16826\/revisions"}],"predecessor-version":[{"id":16998,"href":"https:\/\/barnetstarv.com\/index.php\/wp-json\/wp\/v2\/pages\/16826\/revisions\/16998"}],"up":[{"embeddable":true,"href":"https:\/\/barnetstarv.com\/index.php\/wp-json\/wp\/v2\/pages\/16818"}],"wp:attachment":[{"href":"https:\/\/barnetstarv.com\/index.php\/wp-json\/wp\/v2\/media?parent=16826"}],"curies":[{"name":"wp","href":"https:\/\/api.w.org\/{rel}","templated":true}]}}