{"id":16828,"date":"2023-12-05T14:44:46","date_gmt":"2023-12-05T14:44:46","guid":{"rendered":"http:\/\/46.4.121.70\/~barnetst\/nyside\/?page_id=16828"},"modified":"2023-12-07T18:06:29","modified_gmt":"2023-12-07T18:06:29","slug":"min-historie","status":"publish","type":"page","link":"https:\/\/barnetstarv.com\/index.php\/blogindlaeg\/min-historie\/","title":{"rendered":"Min historie"},"content":{"rendered":"\t\t<div data-elementor-type=\"wp-page\" data-elementor-id=\"16828\" class=\"elementor elementor-16828\">\n\t\t\t\t\t\t<section class=\"elementor-section elementor-top-section elementor-element elementor-element-229f651c elementor-section-boxed elementor-section-height-default elementor-section-height-default\" data-id=\"229f651c\" data-element_type=\"section\">\n\t\t\t\t\t\t<div class=\"elementor-container elementor-column-gap-default\">\n\t\t\t\t\t<div class=\"elementor-column elementor-col-100 elementor-top-column elementor-element elementor-element-1246fb6e\" data-id=\"1246fb6e\" data-element_type=\"column\">\n\t\t\t<div class=\"elementor-widget-wrap elementor-element-populated\">\n\t\t\t\t\t\t<div class=\"elementor-element elementor-element-33582735 elementor-widget elementor-widget-heading\" data-id=\"33582735\" data-element_type=\"widget\" data-widget_type=\"heading.default\">\n\t\t\t\t<div class=\"elementor-widget-container\">\n\t\t\t\t\t<h3 class=\"elementor-heading-title elementor-size-default\">Min historie<\/h3>\t\t\t\t<\/div>\n\t\t\t\t<\/div>\n\t\t\t\t<div class=\"elementor-element elementor-element-707f6968 elementor-widget elementor-widget-text-editor\" data-id=\"707f6968\" data-element_type=\"widget\" data-widget_type=\"text-editor.default\">\n\t\t\t\t<div class=\"elementor-widget-container\">\n\t\t\t\t\t\t\t\t\t<p>Jeg kommer hjem fra arbejde. Noget er anderledes, end det plejer. Der er lavet mad. Der er t\u00e6ndt lys. Og stemningen er god. Jeg oplever det som en velment gestus. Men det er for sent:<\/p><p>\u201d<em>For 345 dage siden aftalte vi, at der er n\u00f8dt til at ske en forandring. Vi var enige om, at det ikke kan blive ved p\u00e5 den her m\u00e5de. Men der er ikke sket noget. Tv\u00e6rtimod. Jeg giver dig gerne 345 dage mere. Men s\u00e5 skal der ogs\u00e5 ske en udvikling, for din egen skyld, og for vores families. Du bliver n\u00f8dt til at arbejde med de ting, der er sv\u00e6re i dig. Og jeg vil meget gerne hj\u00e6lpe og st\u00f8tte dig. Jeg er her for dig<\/em>\u201d, siger jeg.<\/p><p>Svaret blev et nej.<\/p><p>I december 2012 tog Michael Hjelvangs liv en dramatisk drejning.\u00a0Og han er langt fra den samme mand i dag, som decemberdag i 2012, hvor han efter mange \u00e5rs kamp for at redde sit \u00e6gteskab, m\u00e5tte sande, at det ikke var kampen v\u00e6rd. Michael fortryder p\u00e5 ingen m\u00e5de sit valg. Men det har v\u00e6ret, og er, en kr\u00e6vende rejse.<\/p><p>Nedenfor Michael Hjelvangs historie i kronologisk r\u00e6kkef\u00f8lge:<\/p><p><strong>2012<\/strong><\/p><p>December: Familielivet brydes op.\u00a0Bop\u00e6len bliver hos mig. For\u00e6ldremyndigheden er f\u00e6lles. Samv\u00e6ret er 7\/7.<\/p><p><strong>2013<\/strong><\/p><p>Januar: Jeg bliver ops\u00f8gt p\u00e5 mit arbejde og truet, samtlige trusler viser sig senere at blive til virkelighed.<\/p><p>For\u00e5r: Modparten starter en bop\u00e6lssag i Statsforvaltningen.<\/p><p>Sommer: Sagen\u00a0overg\u00e5r til retten i Helsing\u00f8r.<\/p><p>Oktober: Statsforvaltningen\u00a0ringer til modparten og vejleder i, at et brev ikke kan slettes fra\u00a0sagen.<\/p><p>Efter\u00e5ret: Retten laver en stor b\u00f8rnesagkyndig unders\u00f8gelse. I konklusionen st\u00e5r der:<\/p><p><em>I relation til denne risiko virker Michael Hjelvangs overvejelser om at kunne justere (barnets, red) samv\u00e6r med xxx, under hensyntagen til hendes mentale tilstand, relevante.<\/em><\/p><p>December: Der indg\u00e5s et forlig. Jeg beholder bop\u00e6len og\u00a0sagen\u00a0h\u00e6ves.<\/p><p><strong>2014<\/strong><\/p><p>Februar: Jeg er bekymret for min s\u00f8ns trivsel, n\u00e5r han er hos sin mor, og anmoder Statsforvaltningen om at begr\u00e6nse samv\u00e6ret fra 7\/7 til 10\/4.<\/p><p>Marts: Modparten f\u00e5r en ny advokat og\u00a0herefter tager det fart. Advokaten anmoder Statsforvaltningen om p\u00e5 ny at behandle bop\u00e6lssagen. Der fasts\u00e6ttes et m\u00f8de d. 2. april. Et par uger efter at advokaten dukker op i\u00a0sagen, og to dage inden m\u00f8det, finder den s\u00e5kaldte \u201dvoldsepisode\u201d sted. Her skulle jeg forbindelse med en afhentning\u00a0have nikket min s\u00f8ns morfar en skalle, taget kv\u00e6lertag p\u00e5 ham, og taget h\u00e5rdt fat i armen p\u00e5 min s\u00f8ns mor.<\/p><p>Juli:\u00a0Statsforvaltningen tr\u00e6ffer en midlertidig afg\u00f8relse om samv\u00e6r, 7\/7.<\/p><p>August: Jeg bliver d\u00f8mt for vold ved retten i Helsing\u00f8r.<\/p><p>November: \u00d8stre Landsret stadf\u00e6ster dommen.<\/p><p><strong>2015<\/strong><\/p><p>Februar:\u00a0Det f\u00f8rste m\u00f8de med journalist og jurist, Mette Kathrine Larsen, hos Drachmann Advokater.<\/p><p>April: Retten i\u00a0Helsing\u00f8r tr\u00e6ffer afg\u00f8relse om, at modparten skal have fuld for\u00e6ldremyndighed. I forbindelse med\u00a0sagen\u00a0er min s\u00f8n til en b\u00f8rnesamtale i retten.\u00a0Af denne fremg\u00e5r det, at min s\u00f8n gerne vil v\u00e6re lige meget sammen med sin far og mor. Og at\u00a0han trives.<\/p><p>Maj: Jeg skifter advokat \u00a0til Thomas Ghiladi.<\/p><p>August: Landsretten stadf\u00e6ster byrettens dom: fuld for\u00e6ldremyndighed til modparten.<\/p><p>September: Modpartens advokat kontakter min advokat ang\u00e5ende samv\u00e6r. Man \u00f8nsker at neds\u00e6tte samv\u00e6ret mellem min s\u00f8n og jeg med minimum 2 dage. Jeg\u00a0svarer via min advokat, at jeg\u00a0ikke kan sige ja til, at vi ikke lytter til vores s\u00f8ns \u00f8nsker og behov. Og at jeg \u00f8nsker at fastholde 7\/7. Dagen efter\u00a0kontakter modparten Statsforvaltningen med henblik p\u00e5 fasts\u00e6ttelse af samv\u00e6r. Man \u00f8nsker at s\u00e6tte samv\u00e6ret mellem min s\u00f8n og jeg ned til 10\/4. Det bliver senere \u00e6ndret til 11\/3. D. 5. september er min s\u00f8ns f\u00f8dselsdag og jeg bliver n\u00e6gtet at ringe og \u00f8nske ham tillykke med dagen. To dage efter, d. 7. september, kommer min s\u00f8n ikke hjem\u00a0p\u00e5 samv\u00e6r. Det sker f\u00f8rst d. 9. september, da modparten af egen drift v\u00e6lger at \u00e6ndre p\u00e5 en, i min optik, velfungerende 7\/7 ordning,<\/p><p>December:\u00a0Min advokat, Thomas Ghiladi, beg\u00e6rer min straffesag genoptaget ved Den S\u00e6rlige Klageret. Samme dag sender Den S\u00e6rlige Klageret dette svar:<\/p><p><em>\u201dDen S\u00e6rlige Klageret har d. 14. december 2015 modtaget Deres brev med bilag, hvori De p\u00e5 vegne af Michael Hjelvang beg\u00e6rer genoptagelse af \u00d8stre Landsrets ankedom af 17.november 2014. Sagen vil nu blive udsat i 8 uger p\u00e5 anklagemyndighedens udtalelser\u201d<\/em><\/p><p>16. december: Statsforvaltningen tr\u00e6ffer en hasteafg\u00f8relse om, at min s\u00f8n skal hjem til sin far p\u00e5 juleferie.<\/p><p><strong>2016<\/strong><\/p><p>Januar: Skolen kommer med en udtalelse. Man oplever her en dygtig, glad og harmonisk dreng i trivsel. Min s\u00f8n indkaldes til en samtale i Statsforvaltningen.<\/p><p>Februar: Min s\u00f8n er til en b\u00f8rnesamtale i Statsforvaltningen.<\/p><p>Februar:\u00a0Jeg modtager referatet fra b\u00f8rnesamtalen i Statsforvaltningen. Den indeholder tydelige indikationer af, at min s\u00f8n har v\u00e6ret udsat for for\u00e6lderfremmedg\u00f8relse hos sin mor.<\/p><p>Marts: Jeg siger mit job op hos Falken og co. og starter ud som selvst\u00e6ndig med virksomheden Barnets Tarv.<\/p><p>April: Statsforvaltningen tr\u00e6ffer en afg\u00f8relse om samv\u00e6r. Min s\u00f8n skal v\u00e6re 9 dage hos sin mor. Og 5 dage hos sin far.<\/p><p>April:\u00a0Min s\u00f8ns mor politianmelder mig for flere af de ting, jeg har skrevet p\u00e5 min blog. Og jeg er til afh\u00f8ring hos Nordsj\u00e6llands Politi. Min advokat og jeg g\u00f8r stor protest og siden har vi intet h\u00f8rt.<\/p><p>Juni: Kammeradvokaten sender mig en st\u00e6vning, som i alt lyder p\u00e5 kr. 2.764,39 med till\u00e6g af s\u00e6dvanlig procesrente af kr. 2.590 fra d. 17. oktober 2015. Modparten har modtaget erstatning for den p\u00e5st\u00e5ede voldsepisode d. 31.03.14 og nu kr\u00e6ver staten regres.<\/p><p>Juni:\u00a0Afskedsreception hos Falken og co.<\/p><p>Tidslinjen vil l\u00f8bende blive opdateret.<\/p>\t\t\t\t\t\t\t\t<\/div>\n\t\t\t\t<\/div>\n\t\t\t\t\t<\/div>\n\t\t<\/div>\n\t\t\t\t\t<\/div>\n\t\t<\/section>\n\t\t\t\t<\/div>\n\t\t","protected":false},"excerpt":{"rendered":"<p>Min historie Jeg kommer hjem fra arbejde. Noget er anderledes, end det plejer. Der er lavet mad. Der er t\u00e6ndt lys. Og stemningen er god. Jeg oplever det som en velment gestus. Men det er for sent: \u201dFor 345 dage siden aftalte vi, at der er n\u00f8dt til at ske en forandring. Vi var enige [&hellip;]<\/p>\n","protected":false},"author":1,"featured_media":0,"parent":16818,"menu_order":1,"comment_status":"closed","ping_status":"closed","template":"","meta":{"footnotes":""},"class_list":["post-16828","page","type-page","status-publish","hentry"],"yoast_head":"<!-- This site is optimized with the Yoast SEO plugin v24.6 - https:\/\/yoast.com\/wordpress\/plugins\/seo\/ -->\n<title>Min historie - Barnets Tarv<\/title>\n<meta name=\"robots\" content=\"index, follow, max-snippet:-1, max-image-preview:large, max-video-preview:-1\" \/>\n<link rel=\"canonical\" href=\"https:\/\/barnetstarv.com\/index.php\/blogindlaeg\/min-historie\/\" \/>\n<meta property=\"og:locale\" content=\"da_DK\" \/>\n<meta property=\"og:type\" content=\"article\" \/>\n<meta property=\"og:title\" content=\"Min historie - Barnets Tarv\" \/>\n<meta property=\"og:description\" content=\"Min historie Jeg kommer hjem fra arbejde. Noget er anderledes, end det plejer. Der er lavet mad. Der er t\u00e6ndt lys. Og stemningen er god. Jeg oplever det som en velment gestus. Men det er for sent: \u201dFor 345 dage siden aftalte vi, at der er n\u00f8dt til at ske en forandring. Vi var enige [&hellip;]\" \/>\n<meta property=\"og:url\" content=\"https:\/\/barnetstarv.com\/index.php\/blogindlaeg\/min-historie\/\" \/>\n<meta property=\"og:site_name\" content=\"Barnets Tarv\" \/>\n<meta property=\"article:publisher\" content=\"https:\/\/www.facebook.com\/barnetstarv\/\" \/>\n<meta property=\"article:modified_time\" content=\"2023-12-07T18:06:29+00:00\" \/>\n<meta name=\"twitter:card\" content=\"summary_large_image\" \/>\n<meta name=\"twitter:label1\" content=\"Estimeret l\u00e6setid\" \/>\n\t<meta name=\"twitter:data1\" content=\"5 minutter\" \/>\n<script type=\"application\/ld+json\" class=\"yoast-schema-graph\">{\"@context\":\"https:\/\/schema.org\",\"@graph\":[{\"@type\":\"WebPage\",\"@id\":\"https:\/\/barnetstarv.com\/index.php\/blogindlaeg\/min-historie\/\",\"url\":\"https:\/\/barnetstarv.com\/index.php\/blogindlaeg\/min-historie\/\",\"name\":\"Min historie - Barnets Tarv\",\"isPartOf\":{\"@id\":\"https:\/\/barnetstarv.com\/#website\"},\"datePublished\":\"2023-12-05T14:44:46+00:00\",\"dateModified\":\"2023-12-07T18:06:29+00:00\",\"breadcrumb\":{\"@id\":\"https:\/\/barnetstarv.com\/index.php\/blogindlaeg\/min-historie\/#breadcrumb\"},\"inLanguage\":\"da-DK\",\"potentialAction\":[{\"@type\":\"ReadAction\",\"target\":[\"https:\/\/barnetstarv.com\/index.php\/blogindlaeg\/min-historie\/\"]}]},{\"@type\":\"BreadcrumbList\",\"@id\":\"https:\/\/barnetstarv.com\/index.php\/blogindlaeg\/min-historie\/#breadcrumb\",\"itemListElement\":[{\"@type\":\"ListItem\",\"position\":1,\"name\":\"Hjem\",\"item\":\"https:\/\/barnetstarv.com\/\"},{\"@type\":\"ListItem\",\"position\":2,\"name\":\"Blog\",\"item\":\"https:\/\/barnetstarv.com\/index.php\/blogindlaeg\/\"},{\"@type\":\"ListItem\",\"position\":3,\"name\":\"Min historie\"}]},{\"@type\":\"WebSite\",\"@id\":\"https:\/\/barnetstarv.com\/#website\",\"url\":\"https:\/\/barnetstarv.com\/\",\"name\":\"Barnets Tarv\",\"description\":\"\",\"publisher\":{\"@id\":\"https:\/\/barnetstarv.com\/#organization\"},\"potentialAction\":[{\"@type\":\"SearchAction\",\"target\":{\"@type\":\"EntryPoint\",\"urlTemplate\":\"https:\/\/barnetstarv.com\/?s={search_term_string}\"},\"query-input\":{\"@type\":\"PropertyValueSpecification\",\"valueRequired\":true,\"valueName\":\"search_term_string\"}}],\"inLanguage\":\"da-DK\"},{\"@type\":\"Organization\",\"@id\":\"https:\/\/barnetstarv.com\/#organization\",\"name\":\"Barnets Tarv\",\"url\":\"https:\/\/barnetstarv.com\/\",\"logo\":{\"@type\":\"ImageObject\",\"inLanguage\":\"da-DK\",\"@id\":\"https:\/\/barnetstarv.com\/#\/schema\/logo\/image\/\",\"url\":\"https:\/\/barnetstarv.com\/wp-content\/uploads\/2023\/12\/barnets_tarv_logo_2023_V1.jpg\",\"contentUrl\":\"https:\/\/barnetstarv.com\/wp-content\/uploads\/2023\/12\/barnets_tarv_logo_2023_V1.jpg\",\"width\":914,\"height\":256,\"caption\":\"Barnets Tarv\"},\"image\":{\"@id\":\"https:\/\/barnetstarv.com\/#\/schema\/logo\/image\/\"},\"sameAs\":[\"https:\/\/www.facebook.com\/barnetstarv\/\"]}]}<\/script>\n<!-- \/ Yoast SEO plugin. -->","yoast_head_json":{"title":"Min historie - Barnets Tarv","robots":{"index":"index","follow":"follow","max-snippet":"max-snippet:-1","max-image-preview":"max-image-preview:large","max-video-preview":"max-video-preview:-1"},"canonical":"https:\/\/barnetstarv.com\/index.php\/blogindlaeg\/min-historie\/","og_locale":"da_DK","og_type":"article","og_title":"Min historie - Barnets Tarv","og_description":"Min historie Jeg kommer hjem fra arbejde. Noget er anderledes, end det plejer. Der er lavet mad. Der er t\u00e6ndt lys. Og stemningen er god. Jeg oplever det som en velment gestus. Men det er for sent: \u201dFor 345 dage siden aftalte vi, at der er n\u00f8dt til at ske en forandring. Vi var enige [&hellip;]","og_url":"https:\/\/barnetstarv.com\/index.php\/blogindlaeg\/min-historie\/","og_site_name":"Barnets Tarv","article_publisher":"https:\/\/www.facebook.com\/barnetstarv\/","article_modified_time":"2023-12-07T18:06:29+00:00","twitter_card":"summary_large_image","twitter_misc":{"Estimeret l\u00e6setid":"5 minutter"},"schema":{"@context":"https:\/\/schema.org","@graph":[{"@type":"WebPage","@id":"https:\/\/barnetstarv.com\/index.php\/blogindlaeg\/min-historie\/","url":"https:\/\/barnetstarv.com\/index.php\/blogindlaeg\/min-historie\/","name":"Min historie - Barnets Tarv","isPartOf":{"@id":"https:\/\/barnetstarv.com\/#website"},"datePublished":"2023-12-05T14:44:46+00:00","dateModified":"2023-12-07T18:06:29+00:00","breadcrumb":{"@id":"https:\/\/barnetstarv.com\/index.php\/blogindlaeg\/min-historie\/#breadcrumb"},"inLanguage":"da-DK","potentialAction":[{"@type":"ReadAction","target":["https:\/\/barnetstarv.com\/index.php\/blogindlaeg\/min-historie\/"]}]},{"@type":"BreadcrumbList","@id":"https:\/\/barnetstarv.com\/index.php\/blogindlaeg\/min-historie\/#breadcrumb","itemListElement":[{"@type":"ListItem","position":1,"name":"Hjem","item":"https:\/\/barnetstarv.com\/"},{"@type":"ListItem","position":2,"name":"Blog","item":"https:\/\/barnetstarv.com\/index.php\/blogindlaeg\/"},{"@type":"ListItem","position":3,"name":"Min historie"}]},{"@type":"WebSite","@id":"https:\/\/barnetstarv.com\/#website","url":"https:\/\/barnetstarv.com\/","name":"Barnets Tarv","description":"","publisher":{"@id":"https:\/\/barnetstarv.com\/#organization"},"potentialAction":[{"@type":"SearchAction","target":{"@type":"EntryPoint","urlTemplate":"https:\/\/barnetstarv.com\/?s={search_term_string}"},"query-input":{"@type":"PropertyValueSpecification","valueRequired":true,"valueName":"search_term_string"}}],"inLanguage":"da-DK"},{"@type":"Organization","@id":"https:\/\/barnetstarv.com\/#organization","name":"Barnets Tarv","url":"https:\/\/barnetstarv.com\/","logo":{"@type":"ImageObject","inLanguage":"da-DK","@id":"https:\/\/barnetstarv.com\/#\/schema\/logo\/image\/","url":"https:\/\/barnetstarv.com\/wp-content\/uploads\/2023\/12\/barnets_tarv_logo_2023_V1.jpg","contentUrl":"https:\/\/barnetstarv.com\/wp-content\/uploads\/2023\/12\/barnets_tarv_logo_2023_V1.jpg","width":914,"height":256,"caption":"Barnets Tarv"},"image":{"@id":"https:\/\/barnetstarv.com\/#\/schema\/logo\/image\/"},"sameAs":["https:\/\/www.facebook.com\/barnetstarv\/"]}]}},"_links":{"self":[{"href":"https:\/\/barnetstarv.com\/index.php\/wp-json\/wp\/v2\/pages\/16828","targetHints":{"allow":["GET"]}}],"collection":[{"href":"https:\/\/barnetstarv.com\/index.php\/wp-json\/wp\/v2\/pages"}],"about":[{"href":"https:\/\/barnetstarv.com\/index.php\/wp-json\/wp\/v2\/types\/page"}],"author":[{"embeddable":true,"href":"https:\/\/barnetstarv.com\/index.php\/wp-json\/wp\/v2\/users\/1"}],"replies":[{"embeddable":true,"href":"https:\/\/barnetstarv.com\/index.php\/wp-json\/wp\/v2\/comments?post=16828"}],"version-history":[{"count":4,"href":"https:\/\/barnetstarv.com\/index.php\/wp-json\/wp\/v2\/pages\/16828\/revisions"}],"predecessor-version":[{"id":17002,"href":"https:\/\/barnetstarv.com\/index.php\/wp-json\/wp\/v2\/pages\/16828\/revisions\/17002"}],"up":[{"embeddable":true,"href":"https:\/\/barnetstarv.com\/index.php\/wp-json\/wp\/v2\/pages\/16818"}],"wp:attachment":[{"href":"https:\/\/barnetstarv.com\/index.php\/wp-json\/wp\/v2\/media?parent=16828"}],"curies":[{"name":"wp","href":"https:\/\/api.w.org\/{rel}","templated":true}]}}