{"id":16832,"date":"2023-12-05T14:45:21","date_gmt":"2023-12-05T14:45:21","guid":{"rendered":"http:\/\/46.4.121.70\/~barnetst\/nyside\/?page_id=16832"},"modified":"2023-12-08T12:19:05","modified_gmt":"2023-12-08T12:19:05","slug":"ting-du-boer-vide","status":"publish","type":"page","link":"https:\/\/barnetstarv.com\/index.php\/faq\/ting-du-boer-vide\/","title":{"rendered":"Ting du b\u00f8r vide"},"content":{"rendered":"\t\t<div data-elementor-type=\"wp-page\" data-elementor-id=\"16832\" class=\"elementor elementor-16832\">\n\t\t\t\t\t\t<section class=\"elementor-section elementor-top-section elementor-element elementor-element-1c5601a1 elementor-section-boxed elementor-section-height-default elementor-section-height-default\" data-id=\"1c5601a1\" data-element_type=\"section\">\n\t\t\t\t\t\t<div class=\"elementor-container elementor-column-gap-default\">\n\t\t\t\t\t<div class=\"elementor-column elementor-col-100 elementor-top-column elementor-element elementor-element-742bf935\" data-id=\"742bf935\" data-element_type=\"column\">\n\t\t\t<div class=\"elementor-widget-wrap elementor-element-populated\">\n\t\t\t\t\t\t<div class=\"elementor-element elementor-element-355e7c7e elementor-widget elementor-widget-heading\" data-id=\"355e7c7e\" data-element_type=\"widget\" data-widget_type=\"heading.default\">\n\t\t\t\t<div class=\"elementor-widget-container\">\n\t\t\t\t\t<h3 class=\"elementor-heading-title elementor-size-default\">Ting du b\u00f8r vide<\/h3>\t\t\t\t<\/div>\n\t\t\t\t<\/div>\n\t\t\t\t<div class=\"elementor-element elementor-element-1a939f4c elementor-widget elementor-widget-text-editor\" data-id=\"1a939f4c\" data-element_type=\"widget\" data-widget_type=\"text-editor.default\">\n\t\t\t\t<div class=\"elementor-widget-container\">\n\t\t\t\t\t\t\t\t\t<p>For\u00e6ldreansvarsloven (Lov nr. 499 af af 6. juni 2007) tr\u00e5dte i kraft d. 1. oktober 2007 og er senest \u00e6ndret i 2020. Generelt indebar lovgivningen fra 2007 bl.a., at det pr\u00e6ciseredes, at det er barnet, der har ret til kontakt med begge for\u00e6ldre og ikke for\u00e6ldrene, der har ret til kontakt med barnet.<\/p><p>Generelt n\u00e5r et for\u00e6ldrepar bliver skilt, sondrer man mellem en bop\u00e6lsfor\u00e6lder og en samv\u00e6rsfor\u00e6lder. Bop\u00e6lsfor\u00e6lderen er den, der har barnet boende og modtager b\u00f8rnepengene, mens samv\u00e6rsfor\u00e6lder skal ans\u00f8ge om samv\u00e6r.<\/p><p>I For\u00e6ldreansvarsloven fra 2007 ville man blandt andet g\u00f8re op med det m\u00f8nster, der oftest resulterede i, at f\u00e6drene endte som samv\u00e6rsfor\u00e6lder, der med m\u00f8je og besv\u00e6r skulle sikre sig dage sammen med deres barn. Omvendt har der un\u00e6gtelig ogs\u00e5 v\u00e6ret \u2013 og er \u2013 et stort behov for at\u00a0g\u00f8re op med et tilsvarende m\u00f8nster, hvor mere eller mindre psykisk ustabile f\u00e6dre \u2013 p\u00e5 bekostning af kvinder og b\u00f8rn \u2013 manipulerer sig vej gennem et p\u00e5 mange m\u00e5der for\u00e6ldet system.<\/p><p>Stifter i Barnets Tarv, Michael Hjelvang, startede i 2012 ud som bop\u00e6lsfor\u00e6lder med f\u00e6lles for\u00e6ldremyndighed. Og er nu p\u00e5 besynderlig vis havnet som samv\u00e6rsfor\u00e6lder. Og netop denne sondring mener vi i Barnets Tarv, er central. I vores optik er det h\u00e5bl\u00f8st i skilsmissesager at diskutere m\u00f8dre og f\u00e6dres rettigheder. Uanset hvordan man vender og drejer det, flytter det fokus fra barnet. Men m\u00e5ske det kunne v\u00e6re relevant at g\u00f8re op med sondringen mellem en bop\u00e6lsfor\u00e6lder og en samv\u00e6rsfor\u00e6lder. Vores oplevelse er i hvert fald, at bop\u00e6lsregistreringen er blevet den nye kampplads i skilsmissesager. Og at sondringen hverken gavner b\u00f8rnene. M\u00f8drene. Eller f\u00e6drene.<\/p><p><a href=\"https:\/\/www.retsinformation.dk\/eli\/lta\/2020\/1768\">Du finder for\u00e6ldreansvarsloven fra 2020 her<\/a>.<\/p>\t\t\t\t\t\t\t\t<\/div>\n\t\t\t\t<\/div>\n\t\t\t\t<div class=\"elementor-element elementor-element-5ea48bd0 elementor-widget elementor-widget-image\" data-id=\"5ea48bd0\" data-element_type=\"widget\" data-widget_type=\"image.default\">\n\t\t\t\t<div class=\"elementor-widget-container\">\n\t\t\t\t\t\t\t\t\t\t\t\t\t\t\t<img fetchpriority=\"high\" decoding=\"async\" width=\"300\" height=\"200\" src=\"https:\/\/barnetstarv.com\/wp-content\/uploads\/2023\/12\/ting-du-boer-vide-skilsmissesystem-300x200-1.jpg\" class=\"attachment-large size-large wp-image-16988\" alt=\"\" \/>\t\t\t\t\t\t\t\t\t\t\t\t\t\t\t<\/div>\n\t\t\t\t<\/div>\n\t\t\t\t\t<\/div>\n\t\t<\/div>\n\t\t\t\t\t<\/div>\n\t\t<\/section>\n\t\t\t\t<\/div>\n\t\t","protected":false},"excerpt":{"rendered":"<p>Ting du b\u00f8r vide For\u00e6ldreansvarsloven (Lov nr. 499 af af 6. juni 2007) tr\u00e5dte i kraft d. 1. oktober 2007 og er senest \u00e6ndret i 2020. Generelt indebar lovgivningen fra 2007 bl.a., at det pr\u00e6ciseredes, at det er barnet, der har ret til kontakt med begge for\u00e6ldre og ikke for\u00e6ldrene, der har ret til kontakt [&hellip;]<\/p>\n","protected":false},"author":1,"featured_media":0,"parent":16820,"menu_order":0,"comment_status":"closed","ping_status":"closed","template":"","meta":{"footnotes":""},"class_list":["post-16832","page","type-page","status-publish","hentry"],"yoast_head":"<!-- This site is optimized with the Yoast SEO plugin v24.6 - https:\/\/yoast.com\/wordpress\/plugins\/seo\/ -->\n<title>Ting du b\u00f8r vide - Barnets Tarv<\/title>\n<meta name=\"robots\" content=\"index, follow, max-snippet:-1, max-image-preview:large, max-video-preview:-1\" \/>\n<link rel=\"canonical\" href=\"https:\/\/barnetstarv.com\/index.php\/faq\/ting-du-boer-vide\/\" \/>\n<meta property=\"og:locale\" content=\"da_DK\" \/>\n<meta property=\"og:type\" content=\"article\" \/>\n<meta property=\"og:title\" content=\"Ting du b\u00f8r vide - Barnets Tarv\" \/>\n<meta property=\"og:description\" content=\"Ting du b\u00f8r vide For\u00e6ldreansvarsloven (Lov nr. 499 af af 6. juni 2007) tr\u00e5dte i kraft d. 1. oktober 2007 og er senest \u00e6ndret i 2020. Generelt indebar lovgivningen fra 2007 bl.a., at det pr\u00e6ciseredes, at det er barnet, der har ret til kontakt med begge for\u00e6ldre og ikke for\u00e6ldrene, der har ret til kontakt [&hellip;]\" \/>\n<meta property=\"og:url\" content=\"https:\/\/barnetstarv.com\/index.php\/faq\/ting-du-boer-vide\/\" \/>\n<meta property=\"og:site_name\" content=\"Barnets Tarv\" \/>\n<meta property=\"article:publisher\" content=\"https:\/\/www.facebook.com\/barnetstarv\/\" \/>\n<meta property=\"article:modified_time\" content=\"2023-12-08T12:19:05+00:00\" \/>\n<meta property=\"og:image\" content=\"https:\/\/barnetstarv.com\/wp-content\/uploads\/2023\/12\/ting-du-boer-vide-skilsmissesystem-300x200-1.jpg\" \/>\n<meta name=\"twitter:card\" content=\"summary_large_image\" \/>\n<meta name=\"twitter:label1\" content=\"Estimeret l\u00e6setid\" \/>\n\t<meta name=\"twitter:data1\" content=\"2 minutter\" \/>\n<script type=\"application\/ld+json\" class=\"yoast-schema-graph\">{\"@context\":\"https:\/\/schema.org\",\"@graph\":[{\"@type\":\"WebPage\",\"@id\":\"https:\/\/barnetstarv.com\/index.php\/faq\/ting-du-boer-vide\/\",\"url\":\"https:\/\/barnetstarv.com\/index.php\/faq\/ting-du-boer-vide\/\",\"name\":\"Ting du b\u00f8r vide - Barnets Tarv\",\"isPartOf\":{\"@id\":\"https:\/\/barnetstarv.com\/#website\"},\"primaryImageOfPage\":{\"@id\":\"https:\/\/barnetstarv.com\/index.php\/faq\/ting-du-boer-vide\/#primaryimage\"},\"image\":{\"@id\":\"https:\/\/barnetstarv.com\/index.php\/faq\/ting-du-boer-vide\/#primaryimage\"},\"thumbnailUrl\":\"https:\/\/barnetstarv.com\/wp-content\/uploads\/2023\/12\/ting-du-boer-vide-skilsmissesystem-300x200-1.jpg\",\"datePublished\":\"2023-12-05T14:45:21+00:00\",\"dateModified\":\"2023-12-08T12:19:05+00:00\",\"breadcrumb\":{\"@id\":\"https:\/\/barnetstarv.com\/index.php\/faq\/ting-du-boer-vide\/#breadcrumb\"},\"inLanguage\":\"da-DK\",\"potentialAction\":[{\"@type\":\"ReadAction\",\"target\":[\"https:\/\/barnetstarv.com\/index.php\/faq\/ting-du-boer-vide\/\"]}]},{\"@type\":\"ImageObject\",\"inLanguage\":\"da-DK\",\"@id\":\"https:\/\/barnetstarv.com\/index.php\/faq\/ting-du-boer-vide\/#primaryimage\",\"url\":\"https:\/\/barnetstarv.com\/wp-content\/uploads\/2023\/12\/ting-du-boer-vide-skilsmissesystem-300x200-1.jpg\",\"contentUrl\":\"https:\/\/barnetstarv.com\/wp-content\/uploads\/2023\/12\/ting-du-boer-vide-skilsmissesystem-300x200-1.jpg\",\"width\":300,\"height\":200},{\"@type\":\"BreadcrumbList\",\"@id\":\"https:\/\/barnetstarv.com\/index.php\/faq\/ting-du-boer-vide\/#breadcrumb\",\"itemListElement\":[{\"@type\":\"ListItem\",\"position\":1,\"name\":\"Hjem\",\"item\":\"https:\/\/barnetstarv.com\/\"},{\"@type\":\"ListItem\",\"position\":2,\"name\":\"FAQ\",\"item\":\"https:\/\/barnetstarv.com\/index.php\/faq\/\"},{\"@type\":\"ListItem\",\"position\":3,\"name\":\"Ting du b\u00f8r vide\"}]},{\"@type\":\"WebSite\",\"@id\":\"https:\/\/barnetstarv.com\/#website\",\"url\":\"https:\/\/barnetstarv.com\/\",\"name\":\"Barnets Tarv\",\"description\":\"\",\"publisher\":{\"@id\":\"https:\/\/barnetstarv.com\/#organization\"},\"potentialAction\":[{\"@type\":\"SearchAction\",\"target\":{\"@type\":\"EntryPoint\",\"urlTemplate\":\"https:\/\/barnetstarv.com\/?s={search_term_string}\"},\"query-input\":{\"@type\":\"PropertyValueSpecification\",\"valueRequired\":true,\"valueName\":\"search_term_string\"}}],\"inLanguage\":\"da-DK\"},{\"@type\":\"Organization\",\"@id\":\"https:\/\/barnetstarv.com\/#organization\",\"name\":\"Barnets Tarv\",\"url\":\"https:\/\/barnetstarv.com\/\",\"logo\":{\"@type\":\"ImageObject\",\"inLanguage\":\"da-DK\",\"@id\":\"https:\/\/barnetstarv.com\/#\/schema\/logo\/image\/\",\"url\":\"https:\/\/barnetstarv.com\/wp-content\/uploads\/2023\/12\/barnets_tarv_logo_2023_V1.jpg\",\"contentUrl\":\"https:\/\/barnetstarv.com\/wp-content\/uploads\/2023\/12\/barnets_tarv_logo_2023_V1.jpg\",\"width\":914,\"height\":256,\"caption\":\"Barnets Tarv\"},\"image\":{\"@id\":\"https:\/\/barnetstarv.com\/#\/schema\/logo\/image\/\"},\"sameAs\":[\"https:\/\/www.facebook.com\/barnetstarv\/\"]}]}<\/script>\n<!-- \/ Yoast SEO plugin. -->","yoast_head_json":{"title":"Ting du b\u00f8r vide - Barnets Tarv","robots":{"index":"index","follow":"follow","max-snippet":"max-snippet:-1","max-image-preview":"max-image-preview:large","max-video-preview":"max-video-preview:-1"},"canonical":"https:\/\/barnetstarv.com\/index.php\/faq\/ting-du-boer-vide\/","og_locale":"da_DK","og_type":"article","og_title":"Ting du b\u00f8r vide - Barnets Tarv","og_description":"Ting du b\u00f8r vide For\u00e6ldreansvarsloven (Lov nr. 499 af af 6. juni 2007) tr\u00e5dte i kraft d. 1. oktober 2007 og er senest \u00e6ndret i 2020. Generelt indebar lovgivningen fra 2007 bl.a., at det pr\u00e6ciseredes, at det er barnet, der har ret til kontakt med begge for\u00e6ldre og ikke for\u00e6ldrene, der har ret til kontakt [&hellip;]","og_url":"https:\/\/barnetstarv.com\/index.php\/faq\/ting-du-boer-vide\/","og_site_name":"Barnets Tarv","article_publisher":"https:\/\/www.facebook.com\/barnetstarv\/","article_modified_time":"2023-12-08T12:19:05+00:00","og_image":[{"url":"https:\/\/barnetstarv.com\/wp-content\/uploads\/2023\/12\/ting-du-boer-vide-skilsmissesystem-300x200-1.jpg","type":"","width":"","height":""}],"twitter_card":"summary_large_image","twitter_misc":{"Estimeret l\u00e6setid":"2 minutter"},"schema":{"@context":"https:\/\/schema.org","@graph":[{"@type":"WebPage","@id":"https:\/\/barnetstarv.com\/index.php\/faq\/ting-du-boer-vide\/","url":"https:\/\/barnetstarv.com\/index.php\/faq\/ting-du-boer-vide\/","name":"Ting du b\u00f8r vide - Barnets Tarv","isPartOf":{"@id":"https:\/\/barnetstarv.com\/#website"},"primaryImageOfPage":{"@id":"https:\/\/barnetstarv.com\/index.php\/faq\/ting-du-boer-vide\/#primaryimage"},"image":{"@id":"https:\/\/barnetstarv.com\/index.php\/faq\/ting-du-boer-vide\/#primaryimage"},"thumbnailUrl":"https:\/\/barnetstarv.com\/wp-content\/uploads\/2023\/12\/ting-du-boer-vide-skilsmissesystem-300x200-1.jpg","datePublished":"2023-12-05T14:45:21+00:00","dateModified":"2023-12-08T12:19:05+00:00","breadcrumb":{"@id":"https:\/\/barnetstarv.com\/index.php\/faq\/ting-du-boer-vide\/#breadcrumb"},"inLanguage":"da-DK","potentialAction":[{"@type":"ReadAction","target":["https:\/\/barnetstarv.com\/index.php\/faq\/ting-du-boer-vide\/"]}]},{"@type":"ImageObject","inLanguage":"da-DK","@id":"https:\/\/barnetstarv.com\/index.php\/faq\/ting-du-boer-vide\/#primaryimage","url":"https:\/\/barnetstarv.com\/wp-content\/uploads\/2023\/12\/ting-du-boer-vide-skilsmissesystem-300x200-1.jpg","contentUrl":"https:\/\/barnetstarv.com\/wp-content\/uploads\/2023\/12\/ting-du-boer-vide-skilsmissesystem-300x200-1.jpg","width":300,"height":200},{"@type":"BreadcrumbList","@id":"https:\/\/barnetstarv.com\/index.php\/faq\/ting-du-boer-vide\/#breadcrumb","itemListElement":[{"@type":"ListItem","position":1,"name":"Hjem","item":"https:\/\/barnetstarv.com\/"},{"@type":"ListItem","position":2,"name":"FAQ","item":"https:\/\/barnetstarv.com\/index.php\/faq\/"},{"@type":"ListItem","position":3,"name":"Ting du b\u00f8r vide"}]},{"@type":"WebSite","@id":"https:\/\/barnetstarv.com\/#website","url":"https:\/\/barnetstarv.com\/","name":"Barnets Tarv","description":"","publisher":{"@id":"https:\/\/barnetstarv.com\/#organization"},"potentialAction":[{"@type":"SearchAction","target":{"@type":"EntryPoint","urlTemplate":"https:\/\/barnetstarv.com\/?s={search_term_string}"},"query-input":{"@type":"PropertyValueSpecification","valueRequired":true,"valueName":"search_term_string"}}],"inLanguage":"da-DK"},{"@type":"Organization","@id":"https:\/\/barnetstarv.com\/#organization","name":"Barnets Tarv","url":"https:\/\/barnetstarv.com\/","logo":{"@type":"ImageObject","inLanguage":"da-DK","@id":"https:\/\/barnetstarv.com\/#\/schema\/logo\/image\/","url":"https:\/\/barnetstarv.com\/wp-content\/uploads\/2023\/12\/barnets_tarv_logo_2023_V1.jpg","contentUrl":"https:\/\/barnetstarv.com\/wp-content\/uploads\/2023\/12\/barnets_tarv_logo_2023_V1.jpg","width":914,"height":256,"caption":"Barnets Tarv"},"image":{"@id":"https:\/\/barnetstarv.com\/#\/schema\/logo\/image\/"},"sameAs":["https:\/\/www.facebook.com\/barnetstarv\/"]}]}},"_links":{"self":[{"href":"https:\/\/barnetstarv.com\/index.php\/wp-json\/wp\/v2\/pages\/16832","targetHints":{"allow":["GET"]}}],"collection":[{"href":"https:\/\/barnetstarv.com\/index.php\/wp-json\/wp\/v2\/pages"}],"about":[{"href":"https:\/\/barnetstarv.com\/index.php\/wp-json\/wp\/v2\/types\/page"}],"author":[{"embeddable":true,"href":"https:\/\/barnetstarv.com\/index.php\/wp-json\/wp\/v2\/users\/1"}],"replies":[{"embeddable":true,"href":"https:\/\/barnetstarv.com\/index.php\/wp-json\/wp\/v2\/comments?post=16832"}],"version-history":[{"count":4,"href":"https:\/\/barnetstarv.com\/index.php\/wp-json\/wp\/v2\/pages\/16832\/revisions"}],"predecessor-version":[{"id":17035,"href":"https:\/\/barnetstarv.com\/index.php\/wp-json\/wp\/v2\/pages\/16832\/revisions\/17035"}],"up":[{"embeddable":true,"href":"https:\/\/barnetstarv.com\/index.php\/wp-json\/wp\/v2\/pages\/16820"}],"wp:attachment":[{"href":"https:\/\/barnetstarv.com\/index.php\/wp-json\/wp\/v2\/media?parent=16832"}],"curies":[{"name":"wp","href":"https:\/\/api.w.org\/{rel}","templated":true}]}}